{"id":7794,"date":"2022-08-21T16:19:24","date_gmt":"2022-08-21T14:19:24","guid":{"rendered":"http:\/\/piattaformacomunista.com\/nuovo\/?page_id=7794"},"modified":"2022-08-21T16:19:24","modified_gmt":"2022-08-21T14:19:24","slug":"2019-2","status":"publish","type":"page","link":"https:\/\/piattaformacomunista.com\/index.php\/2019-2\/","title":{"rendered":"2019"},"content":{"rendered":"<p>[vc_row][vc_column][vc_column_text]<\/p>\n<table>\n<tbody>\n<tr>\n<td><strong>A 50 anni dalla strage di Piazza Fontana<\/strong><\/p>\n<p><strong><a href=\"https:\/\/piattaformacomunista.com\/milano_12_dicembre_2019.pdf\">Corteo cittadino a Milano<\/a><\/strong><\/p>\n<p><strong><a href=\"https:\/\/piattaformacomunista.com\/massa_12_dicembre_2019.pdf\">Massa: incontro-dibattito \u201cDai fatti della Bussola a Piazza Fontana\u201d<\/a><\/strong><\/p>\n<p><strong>\u00a0<\/strong><\/p>\n<p><strong>Lavoro per vivere non per morire!<\/strong><\/p>\n<p><strong><a href=\"https:\/\/piattaformacomunista.com\/COMUNICATO_POST_INIZIATIVA_7.pdf\">Comunicato post iniziativa 7 dicembre<\/a> \u00a0 \u00a0 <a href=\"https:\/\/piattaformacomunista.com\/saluto_pcrb_dic_19.pdf\">Un saluto internazionalista<\/a><\/strong><\/p>\n<p><strong><a href=\"https:\/\/piattaformacomunista.com\/Appello_7_dicembre_19.pdf\">Appello per un\u2019iniziativa nazionale a Torino il 7 dicembre<\/a><\/strong><\/p>\n<p><strong><a href=\"https:\/\/piattaformacomunista.com\/Documento_Iniziativa_Thyssen.pdf\">Denuncia politica sulle condizioni di lavoro<\/a> <\/strong><\/p>\n<p><strong><a href=\"https:\/\/piattaformacomunista.com\/Locandina_7_dicembre.pdf\">Locandina con appuntamenti<\/a>\u00a0\u00a0 <a href=\"https:\/\/piattaformacomunista.com\/COMUNICATO_STAMPA_CLA.pdf\">Comunicato stampa<\/a><\/strong><\/p>\n<p><strong>\u00a0<\/strong><\/td>\n<\/tr>\n<\/tbody>\n<\/table>\n<p><strong>Coordinamento lavoratrici e lavoratori <\/strong><\/p>\n<p><strong>autoconvocati per l\u2019unit\u00e0 della classe<\/strong><\/p>\n<p><strong><a href=\"https:\/\/piattaformacomunista.com\/Locandina-assemblea-11%20gennaio-2020.pdf\">Assemblea nazionale 11 gennaio 2020<\/a><\/strong><\/p>\n<p><strong><a href=\"https:\/\/piattaformacomunista.com\/2019-09-23_sugli_scioperi_\">Sugli scioperi \u201cgenerali\u201d d\u2019autunno del sindacalismo di base<\/a><\/strong><\/p>\n<p><strong><a href=\"https:\/\/piattaformacomunista.com\/2019-07-20-Su_sciopero_generale_trasporti_cgilcisluil_24_luglio.pdf\">Sullo sciopero dei trasporti del 24 luglio<\/a>\u2026.<a href=\"https:\/\/piattaformacomunista.com\/Bollettino_1.pdf\">Il Bollettino #1<\/a>\u00a0\u00a0 <\/strong><\/p>\n<p><strong><a href=\"https:\/\/piattaformacomunista.com\/Coordinamento_lavoratrici_e_lavoratori_autoconvocati_per_unita_della_classe.pdf\">La nascita del Coordinamento<\/a>\u00a0\u00a0 <a href=\"https:\/\/piattaformacomunista.com\/decreto_sicurezza_coord_marzo_19.pdf\">Sul \u201cDecreto sicurezza\u201d<\/a> <\/strong><\/p>\n<table>\n<tbody>\n<tr>\n<td><strong>\u00a0<\/strong><\/p>\n<p><strong>XXV Plenaria della CIPOML<\/strong><\/p>\n<p><strong><a href=\"https:\/\/piattaformacomunista.com\/DICHIARAZIONE_FINALE_%20XXV_CIPOML.pdf\">Dichiarazione finale<\/a><\/strong><\/p>\n<p><strong><a href=\"https:\/\/piattaformacomunista.com\/Ignobile_mistificazione_storica_CIPOML.pdf\">Sulla risoluzione del Parlamento europeo<\/a> <\/strong><\/p>\n<p><strong><a href=\"https:\/\/piattaformacomunista.com\/Bolivia_CIPOML_ita.pdf\">I popoli della Bolivia stanno combattendo il fascismo<\/a><\/strong><\/p>\n<p><strong>\u00a0<\/strong><\/p>\n<p><strong>Condanniamo il golpe reazionario in Bolivia!<\/strong><\/p>\n<p><strong><a href=\"https:\/\/piattaformacomunista.com\/bolivia_golpe_nov_19.pdf\">Leggi il comunicato<\/a><\/strong><\/p>\n<p><strong>\u00a0<\/strong><\/p>\n<p><strong>\u201cMovimento operaio e movimento comunista: <\/strong><\/p>\n<p><strong>un legame da ricostruire e sviluppare\u201d<\/strong><\/p>\n<p><strong><a href=\"https:\/\/piattaformacomunista.com\/rel_intr_10.11.19.pdf\">Relazione introduttiva<\/a>\u00a0\u00a0 <a href=\"https:\/\/piattaformacomunista.com\/intervento_CCL_su_riv_ottobre.pdf\">Intervento sulla Rivoluzione d\u2019Ottobre<\/a><\/strong><\/p>\n<p><strong><a href=\"https:\/\/piattaformacomunista.com\/Intervento_Sulla_propaganda_comunista.pdf\">Intervento sulla propaganda comunista<\/a> \u00a0 \u00a0 <a href=\"https:\/\/piattaformacomunista.com\/cipoml_saluto_10nov19.pdf\">Saluto della CIPOML<\/a>\u00a0\u00a0 <\/strong><\/p>\n<p><strong>\u00a0<\/strong><\/p>\n<p><strong>Sull\u2019infame risoluzione del Parlamento UE<\/strong><\/p>\n<p><strong><a href=\"https:\/\/piattaformacomunista.com\/sulla_infame_risoluzione_ue_sett_19.pdf\">Leggi il nostro commento<\/a><\/strong><\/p>\n<p><strong><a href=\"https:\/\/piattaformacomunista.com\/2019-11-29-il-patto-mancato-gli-interventi.pdf\">\u201cIl patto mancato\u201d (Milano 29\/11): gli interventi<\/a><\/strong><\/p>\n<p><strong><a href=\"https:\/\/piattaformacomunista.com\/Ignobile_mistificazione_storica_CIPOML.pdf\">Dichiarazione della CIPOML<\/a><\/strong><\/p>\n<p><strong>\u00a0<\/strong><\/p>\n<p><strong>L\u2019atteggiamento da tenere nei riguardi <\/strong><\/p>\n<p><strong>della Rivoluzione Socialista d\u2019Ottobre<\/strong><\/p>\n<p><strong><a href=\"https:\/\/piattaformacomunista.com\/102_rivoluzione_ottobre.pdf\">Leggi l\u2019articolo<\/a><\/strong><\/p>\n<p><strong>\u00a0<\/strong><\/p>\n<p><strong>Sciopero generale? <\/strong><\/p>\n<p><strong>S\u00ec, quando \u00e8 unit\u00e0 e lotta del proletariato!<\/strong><\/p>\n<p><strong><a href=\"https:\/\/piattaformacomunista.com\/25ottobre2019.pdf\">Leggi il volantino<\/a><\/strong><\/p>\n<p><strong>\u00a0<\/strong><\/td>\n<\/tr>\n<\/tbody>\n<\/table>\n<p>Teoria e Prassi<strong> n. 31 <\/strong><\/p>\n<p><strong><a href=\"https:\/\/piattaformacomunista.com\/TP31_web.pdf\">Scarica e leggi la rivista<\/a><\/strong><\/p>\n<p><strong>Per ricevere la rivista in edizione cartacea versare 5 \u20ac (pi\u00f9 \u20ac 1,30 per spese di spedizione postale) <\/strong><\/p>\n<p><strong>sul c.c.p. 001004989958 intestato a Scintilla Onlus <\/strong><\/p>\n<p><strong>\u00a0<\/strong><\/p>\n<p><strong>\u00a0<\/strong><\/p>\n<p><strong>Libropolis<\/strong><strong>: una manifestazione \u201cculturale\u201d <\/strong><\/p>\n<p><strong>di rivalutazione del fascismo e del nazismo<\/strong><\/p>\n<p><strong><a href=\"https:\/\/piattaformacomunista.com\/Libropolis_ott_19.pdf\">Leggi il comunicato<\/a> <\/strong><\/p>\n<p><strong>\u00a0<\/strong><\/p>\n<p><strong>\u201cOperazione Eufrate\u201d: l\u2019imperialismo e la reazione <\/strong><\/p>\n<p><strong>sono i nemici della libert\u00e0 e della pace fra i popoli<\/strong><\/p>\n<p><strong><a href=\"https:\/\/piattaformacomunista.com\/Operazione_eufrate_ott_19.pdf\">Leggi il comunicato<\/a><\/strong><\/p>\n<p><strong>\u00a0<\/strong><\/p>\n<p><strong>Ecuador: dilaga la protesta popolare contro <\/strong><\/p>\n<p><strong>la politica neoliberista del governo Moreno<\/strong><\/p>\n<p><strong><a href=\"https:\/\/piattaformacomunista.com\/Ecuador_proteste_ott19.pdf\">Leggi il comunicato<\/a><\/strong><\/p>\n<p><strong><a href=\"https:\/\/piattaformacomunista.com\/pcmle_13.10.19.pdf\">Comunicato del PCMLE<\/a><\/strong><\/p>\n<p><strong>\u00a0<\/strong><\/p>\n<p><strong>Opuscolo \u201cSul Partito del Proletariato\u201d<\/strong><\/p>\n<p><strong><a href=\"https:\/\/piattaformacomunista.com\/sul_partito_del_proletariato_presentazione.pdf\">Leggi la presentazione<\/a><\/strong><\/p>\n<p><strong>Per riceverlo versare 3 \u20ac (pi\u00f9 \u20ac 1,30 per spese di spedizione postale) sul c.c.p. 001004989958 <\/strong><\/p>\n<p><strong>intestato a Scintilla Onlus <\/strong><\/p>\n<p><strong>\u00a0<\/strong><\/p>\n<p><strong>l capitalismo non \u00e8 un problema, \u00e8 <u>il<\/u> problema!<\/strong><\/p>\n<p><strong><a href=\"https:\/\/piattaformacomunista.com\/vol_27_settembre_2019.pdf\">Volantino per lo sciopero e le manifestazioni del 27 settembre<\/a><\/strong><\/p>\n<p><strong>\u00a0<\/strong><\/p>\n<p><strong>Opuscolo \u201cProgramma dell\u2019Internazionale comunista\u201d<\/strong><\/p>\n<p><strong>L\u2019opuscolo \u00e8 in distribuzione al prezzo di \u20ac 4 (comprensivo delle spese di spedizione). <\/strong><\/p>\n<p><strong>Versamenti su ccp n. 001004989958 intestato a Scintilla Onlus.<\/strong><\/p>\n<p><strong><a href=\"https:\/\/piattaformacomunista.com\/Prefazione_Programma_IC.pdf\">Leggi la prefazione<\/a><\/strong><\/p>\n<p><strong>\u00a0<\/strong><\/p>\n<p><strong>Crisi di governo e unit\u00e0 di classe<\/strong><\/p>\n<p><strong><a href=\"https:\/\/piattaformacomunista.com\/CRISI_DI_GOVERNO_E_UNITA_DI_CLASSE.pdf\">Leggi il comunicato<\/a> <\/strong><\/p>\n<p><strong>\u00a0<\/strong><\/p>\n<p><strong> \u201cPartigiani Sempre\u201d, festa a Viareggio dal 9 al 18 agosto<\/strong><\/p>\n<p><strong><a href=\"https:\/\/piattaformacomunista.com\/festa_partigiani_sempre_2019.pdf\">Locandina<\/a>\u00a0\u00a0 <a href=\"https:\/\/piattaformacomunista.com\/spettacoli_festa_partigiani_sempre_2019.pdf\">Spettacoli<\/a>\u00a0\u00a0 <a href=\"https:\/\/piattaformacomunista.com\/Intervento_palco_sera_sabato_17_agosto_19.pdf\">Intervento dal palco, 17 agosto<\/a><\/strong><\/p>\n<p><strong><a href=\"https:\/\/piattaformacomunista.com\/1_anniversario_Ponte_Morandi_cct.pdf\">Volantino 1\u00b0 anniversario del crollo del Ponte Morandi<\/a><\/strong><\/p>\n<p><strong><a href=\"https:\/\/piattaformacomunista.com\/intervento_santannadistazzema_ago19.pdf\">Anniversario strage Sant\u2019Anna di Stazzema<\/a><\/strong><\/p>\n<p><strong>\u00a0<\/strong><\/p>\n<p><strong>\u201cDecreto sicurezza bis\u201d: il manifesto politico<\/strong><\/p>\n<p><strong>di un governo razzista e antioperaio<\/strong><\/p>\n<p><strong><a href=\"https:\/\/piattaformacomunista.com\/decreto_sicurezza_bis_luglio_19.pdf\">Leggi il comunicato<\/a><\/strong><\/p>\n<p><strong>\u00a0<\/strong><\/p>\n<p><strong>23\u00b0 Seminario Internazionale \u201cProblemi della <\/strong><\/p>\n<p><strong>Rivoluzione in America Latina e nei Caraibi\u201d<\/strong><\/p>\n<p><strong><a href=\"https:\/\/piattaformacomunista.com\/Dichiarazione_XXIII_Sipral.pdf\"> Dichiarazione finale<\/a><\/strong><\/p>\n<p><strong>\u00a0<\/strong><\/p>\n<p><strong>Rigettiamo l\u2019intervento imperialista in Iran<\/strong><\/p>\n<p><strong>Solidariet\u00e0 con gli operai e i popoli d\u2019Iran<\/strong><\/p>\n<p><strong><a href=\"https:\/\/piattaformacomunista.com\/Iran_solidarieta_lug_19_cipoml.pdf\">Leggi il comunicato CIPOML<\/a><\/strong><\/p>\n<p><strong>\u00a0<\/strong><\/p>\n<p><strong>Dichiarazione politica dei Partiti marxisti-leninisti <\/strong><\/p>\n<p><strong>dell\u2019America Latina e dei Caraibi<\/strong><\/p>\n<p><strong><a href=\"https:\/\/piattaformacomunista.com\/dichiarazione_al_luglio_19_cipoml.pdf\">Leggi la dichiarazione<\/a> <\/strong><\/p>\n<p><strong>\u00a0<\/strong><\/p>\n<p><strong>La vicenda Lega-Russia e l\u2019unione delle forze proletarie<\/strong><\/p>\n<p><strong><a href=\"https:\/\/piattaformacomunista.com\/Vicenda_Lega_Russia_lug_19.pdf\">Leggi il comunicato<\/a><\/strong><\/p>\n<p><strong>\u00a0<\/strong><\/p>\n<p><strong>Solidariet\u00e0 e sostegno agli ex operai del Pignone di Massa<\/strong><\/p>\n<p><strong><a href=\"https:\/\/piattaformacomunista.com\/Solidarieta_operai_Pignone.pdf\">Riceviamo e volentieri pubblichiamo<\/a><\/strong><\/p>\n<p><strong>\u00a0<\/strong><\/p>\n<p><strong>Trump e la politica di provocazioni \u201csenza fine\u201d<\/strong><\/p>\n<p><strong><a href=\"https:\/\/piattaformacomunista.com\/TRUMP_E_LA_SUA_POLITICA_DI_PROVOCAZIONI.pdf\">Leggi l\u2019articolo di \u201cLa Forge\u201d<\/a><\/strong><\/p>\n<p><strong>\u00a0<\/strong><\/p>\n<p><strong>Viva il 1\u00b0 Congresso del Partito Comunista Rivoluzionario &#8211; Bolivia!<\/strong><\/p>\n<p><strong><a href=\"https:\/\/piattaformacomunista.com\/Saluto_1_Congresso_PCR-B.pdf\">Leggi il nostro saluto<\/a><\/strong><\/p>\n<p><strong>\u00a0<\/strong><\/p>\n<p><strong>La classe dei proletari e il partito dei proletari<\/strong><\/p>\n<p><strong><a href=\"https:\/\/piattaformacomunista.com\/la_classe_dei_proletari_e_il_partito_dei_proletari_stalin.pdf\">Invito alla lettura di un articolo del giovane Stalin<\/a><\/strong><\/p>\n<p><strong>\u00a0<\/strong><\/p>\n<p><strong>In memoria del compagno Osman<\/strong><\/p>\n<p><strong><a href=\"https:\/\/piattaformacomunista.com\/IN_MEMORIA_DEL_COMPAGNO_OSMAN.pdf\">Leggi il comunicato<\/a><\/strong><\/p>\n<p><strong>\u00a0<\/strong><\/p>\n<p><strong>Georgi<\/strong><strong> Dimitrov, grande dirigente del proletariato<\/strong><\/p>\n<p><strong><a href=\"https:\/\/piattaformacomunista.com\/DIMITROV_70.pdf\">Per il 70\u00b0 anniversario della morte del compagno Dimitrov<\/a><\/strong><\/p>\n<p><strong><a href=\"https:\/\/piattaformacomunista.com\/DIMITROV_rapporto_VII_Congresso_IC.pdf\">Rapporto al VII Congresso del Comintern<\/a><\/strong><\/p>\n<p><strong><a href=\"https:\/\/piattaformacomunista.com\/dimitrov_processo_lipsia_discorso_chiusura.pdf\">Discorso al processo di Lipsia<\/a>\u2026.<a href=\"https:\/\/piattaformacomunista.com\/dimitrov_dopo_monaco_1938.pdf\">Dopo Monaco<\/a><\/strong><\/p>\n<p><strong>\u00a0<\/strong><\/p>\n<p><strong>Gli operai e i migranti della Sea Watch<\/strong><\/p>\n<p><strong><a href=\"https:\/\/piattaformacomunista.com\/OPERAI_MIGRANTI_SEA_WATCH.pdf\">Leggi e fai circolare l\u2019appello<\/a><\/strong><\/p>\n<p><strong>\u00a0<\/strong><\/p>\n<p><strong>Dieci anni fa, la strage di Viareggio<\/strong><\/p>\n<p>Sabato 29 giugno, ore 16:00, incontro al Palasport (zona Darsena); ore 20:50 corteo<\/p>\n<p>fino a Via Ponchielli, luogo del disastro ferroviario. Dalla mezzanotte, per 24 h., i fischi<\/p>\n<p>dei treni segneranno ancora una volta l\u2019abbraccio dei ferrovieri alla citt\u00e0 ferita.<\/p>\n<p><strong><a href=\"https:\/\/piattaformacomunista.com\/Strage_Viareggio_comunicato_familiari_21.6.19.pdf\">Leggi il comunicato dei familiari<\/a> <\/strong><\/p>\n<p><strong>\u00a0<\/strong><\/p>\n<p><strong>Contro l\u2019occupazione militare della Sardegna<\/strong><\/p>\n<p><strong><a href=\"https:\/\/piattaformacomunista.com\/2_giugno_19_sardegna.pdf\">Leggi il volantino per la manifestazione del 2 giugno a Cagliari<\/a><\/strong><\/p>\n<p><strong><a href=\"https:\/\/piattaformacomunista.com\/pratobello_stampa_a3.pdf\">Manifestazione per il 50\u00b0 della marcia di Pratobello<\/a><\/strong><\/p>\n<p><strong>\u00a0<\/strong><\/p>\n<p><strong>Difendiamo i nostri interessi con la lotta e l\u2019unit\u00e0 di classe!<\/strong><\/p>\n<p><strong>Contro l\u2019offensiva dei padroni e dei governi!<\/strong><\/p>\n<p><strong><a href=\"https:\/\/piattaformacomunista.com\/vol_metal_14_giu_19.pdf\">Leggi il volantino<\/a><\/strong><\/p>\n<p><strong>\u00a0<\/strong><\/p>\n<p><strong>Alla lotta contro la reazione borghese,<\/strong><\/p>\n<p><strong>con una politica di classe e rivoluzionaria!<\/strong><\/p>\n<p><strong><a href=\"https:\/\/piattaformacomunista.com\/REAZIONE_RIVOLUZIONE_MAG_2019.pdf\">Commento sui risultati delle elezioni europee<\/a><\/strong><\/p>\n<p><strong>\u00a0<\/strong><\/p>\n<p><strong>NO all\u2019UE \u2013 l\u2019Unione dei monopoli europei<\/strong><\/p>\n<p><strong><a href=\"https:\/\/piattaformacomunista.com\/dichiarazione_ml_europa_19.pdf\">Dichiarazione sulla situazione in Europa e i nostri compiti<\/a> (CIPOML)<\/strong><\/p>\n<p><strong><a href=\"https:\/\/piattaformacomunista.com\/A_chi_giovano_le_elezioni_europee.pdf\">A chi giovano le elezioni europee?<\/a><\/strong><\/p>\n<p><strong><a href=\"https:\/\/piattaformacomunista.com\/Elez-europee-firme-2019.pdf\">Elezioni europee: NON votare, Organizzare la LOTTA!<\/a><\/strong><\/p>\n<p><strong><a href=\"https:\/\/piattaformacomunista.com\/NO_ALLA_UE_UNIONE_DEI_MONOPOLI.pdf\">NO all\u2019UE \u2013 l\u2019Unione dei monopoli europei<\/a> (CIPOML)<\/strong><\/p>\n<p><strong><a href=\"https:\/\/piattaformacomunista.com\/La_farsa_delle_elezioni_europee.pdf\">La farsa delle elezioni europee<\/a> (da \u201cScintilla\u201d)<\/strong><\/p>\n<p><strong>\u00a0<\/strong><\/p>\n<p><strong>100\u00b0<\/strong><strong> anniversario della Terza Internazionale comunista<\/strong><\/p>\n<p><strong><a href=\"https:\/\/piattaformacomunista.com\/Lenin_la_III_Internazionale_e_il_suo_posto_nella_storia_1919.pdf\">Lenin: La III Internazionale e il suo posto nella storia<\/a><\/strong><\/p>\n<p><strong><a href=\"https:\/\/piattaformacomunista.com\/Viva_Internazionale_Comunista.pdf\">Viva l\u2019Internazionale comunista!<\/a>\u00a0\u00a0 <a href=\"https:\/\/piattaformacomunista.com\/OTTOBRE_ROSSO_E_INTERNAZIONALE_COMUNISTA.pdf\">L\u2019Ottobre rosso e la fondazione del Comintern<\/a><\/strong><\/p>\n<p><strong><a href=\"https:\/\/piattaformacomunista.com\/CONTRIBUTO_IC.pdf\">Il contributo della Terza Internazionale alla formazione dei Partiti comunisti<\/a><\/strong><\/p>\n<p><strong><a href=\"https:\/\/piattaformacomunista.com\/INTERNAZIONALE_COMUNISTA_ITALIA.pdf\">L\u2019Internazionale comunista e l\u2019Italia<\/a>\u00a0\u00a0 <a href=\"https:\/\/piattaformacomunista.com\/Il_lancio_della_tattica_di_fronte_unico.pdf\">Il lancio della tattica di fronte unico<\/a> <\/strong><\/p>\n<p><strong><a href=\"https:\/\/piattaformacomunista.com\/Unidad_y_Lucha_38.pdf\">Edizione di \u201cUnidad y Lucha\u201d dedicata al 100\u00b0 anniversario dell\u2019Internazionale comunista<\/a><\/strong><\/p>\n<p><strong>\u00a0<\/strong><\/p>\n<p><strong>Lotta fra reazionari e lotta per la casa<\/strong><\/p>\n<p><strong><a href=\"https:\/\/piattaformacomunista.com\/LOTTA_FRA_REAZIONARI_E_LOTTA_PER_LA_CASA_mag19.pdf\">Leggi la corrispondenza<\/a><\/strong><\/p>\n<p><strong>\u00a0<\/strong><\/p>\n<p><strong>Sul \u201csindacato unitario\u201d proposto da Landini<\/strong><\/p>\n<p><strong><a href=\"https:\/\/piattaformacomunista.com\/gli_interlocutori_di_landini.pdf\">Gli interlocutori di Landini<\/a>\u00a0\u00a0 <a href=\"https:\/\/piattaformacomunista.com\/che_tipo_di_sindacato_unitario_vuole_landini.pdf\">Che tipo di sindacato unitario vuole Landini?<\/a><\/strong><\/p>\n<p><strong><a href=\"https:\/\/piattaformacomunista.com\/sindacato_unico_cosa_nasconde.pdf\">Sindacato unico: cosa si nasconde dietro questa formula magica?<\/a><\/strong><\/p>\n<p><strong>\u00a0<\/strong><\/p>\n<p><strong>Primo Maggio: viva la solidariet\u00e0 e la lotta<\/strong><\/p>\n<p><strong>degli sfruttati e degli oppressi di tutti i paesi! <\/strong><\/p>\n<p><strong><a href=\"https:\/\/piattaformacomunista.com\/1_MAGGIO_2019_pc.pdf\">Leggi e fai circolare la dichiarazione<\/a><\/strong><\/p>\n<p><strong>\u00a0<\/strong><\/p>\n<p><strong><em>25 Aprile 2019<\/em><\/strong><\/p>\n<p><strong>Combattere il fascismo sotto qualsiasi veste si presenti<\/strong><\/p>\n<p><strong><a href=\"https:\/\/piattaformacomunista.com\/25Aprile2019-OK.pdf\">Leggi il volantone<\/a><\/strong><\/p>\n<p><strong>\u00a0<\/strong><\/p>\n<p><strong>70 anni di guerre imperialiste e orrori<\/strong><\/p>\n<p><strong>Fuori l\u2019Italia dalla NATO <\/strong><\/p>\n<p><strong>Chiudere le basi USA<\/strong><\/p>\n<p><strong><a href=\"https:\/\/piattaformacomunista.com\/NATO_70_APR_19.pdf\">Leggi il volantino<\/a>\u00a0\u00a0 <a href=\"https:\/\/piattaformacomunista.com\/NO_NATO_70.pdf\">Leggi l\u2019articolo<\/a>\u00a0\u00a0 <a href=\"https:\/\/piattaformacomunista.com\/INGERENZA_USA_apr19.pdf\">Alle origini della strategia della tensione\u2026<\/a><\/strong><\/p>\n<p><strong>\u00a0<\/strong><\/p>\n<p><strong>No all\u2019intervento imperialista in Venezuela! <\/strong><\/p>\n<p><strong><a href=\"https:\/\/piattaformacomunista.com\/VENEZUELA_edit_acero_feb_19.pdf\">Venezuela: un popolo che combatte contro l\u2019imperialismo<\/a><\/strong><\/p>\n<p><strong><a href=\"https:\/\/piattaformacomunista.com\/VENEZUELA_PCMLV_FEB_19.pdf\">Cosa esige la situazione del Venezuela dai rivoluzionari? &#8211; PCMLV<\/a><\/strong><\/p>\n<p><strong><a href=\"https:\/\/piattaformacomunista.com\/VENEZUELA_gen_19.pdf\">No all\u2019intervento imperialista, solidariet\u00e0 con i lavoratori e il popolo del Venezuela<\/a><\/strong><\/p>\n<p><strong>\u00a0<\/strong><\/p>\n<p><strong>Sull\u2019arresto di Assange a Londra<\/strong><\/p>\n<p><strong><a href=\"https:\/\/piattaformacomunista.com\/ASSANGE_apr_19.pdf\">Leggi le denunce dall\u2019Ecuador<\/a><\/strong><\/p>\n<p><strong>\u00a0<\/strong><\/p>\n<p><strong>L\u2019 \u201caffare cinese\u201d e le capriole della borghesia italiana<\/strong><\/p>\n<p><strong><a href=\"https:\/\/piattaformacomunista.com\/BRI_apr_19.pdf\">Leggi l\u2019articolo<\/a><\/strong><\/p>\n<p><strong>\u00a0<\/strong><\/p>\n<p><strong>Roma, manifestazione nazionale <\/strong><\/p>\n<p><strong>contro le grandi opere inutili e dannose<\/strong><\/p>\n<p><strong><a href=\"https:\/\/piattaformacomunista.com\/sviluppi_lotta_notav.pdf\">Sviluppi della lotta NO TAV<\/a>\u00a0\u00a0 <a href=\"https:\/\/piattaformacomunista.com\/Cambiamenti_climatici.pdf\">Sul cambiamento climatico<\/a>\u00a0\u00a0 <a href=\"https:\/\/piattaformacomunista.com\/FALLIMENTO_CONFERENZA_CLIMA.pdf\">Sul fallimento della COP 24<\/a>\u00a0\u00a0 <\/strong><\/p>\n<p><strong>\u00a0<\/strong><\/p>\n<p><strong>8 Marzo 2019, giornata internazionale di lotta delle donne<\/strong><\/p>\n<p><strong><a href=\"https:\/\/piattaformacomunista.com\/8_MARZO_2019.pdf\">L\u20198 Marzo si sciopera e si manifesta!<\/a>\u00a0\u00a0\u00a0\u00a0 <a href=\"https:\/\/piattaformacomunista.com\/8_MARZO_sciopero.pdf\">8 Marzo: lottiamo e scioperiamo!<\/a><\/strong><\/p>\n<p><strong><a href=\"https:\/\/piattaformacomunista.com\/scintilla_mar17_donne_rivoluzione.pdf\">8 Marzo, le donne e la rivoluzione<\/a>\u00a0\u00a0\u00a0\u00a0 <a href=\"https:\/\/piattaformacomunista.com\/Cipoml_XX_plenum_documento_donne.pdf\">Documento di discussione sul lavoro fra le donne<\/a><\/strong><\/p>\n<p><strong><a href=\"https:\/\/piattaformacomunista.com\/Lenin_giornata_internazionale_operaie_1921.pdf\">Lenin, La giornata internazionale delle operaie<\/a> <\/strong><\/p>\n<p><strong><a href=\"https:\/\/piattaformacomunista.com\/Kollontai_Il_Giorno_della_Donna.pdf\">Aleksandra Kollontaj, Il giorno della donna<\/a><\/strong><\/p>\n<p><strong>\u00a0<\/strong><\/p>\n<p><strong>Legittima difesa contro il capitalismo!<\/strong><\/p>\n<p><strong><a href=\"https:\/\/piattaformacomunista.com\/LEGITTIMA_DIFESA_CONTRO_IL_CAPITALISMO.pdf\">Leggi l\u2019articolo<\/a><\/strong><\/p>\n<p><strong>\u00a0<\/strong><\/p>\n<p><strong>Stalin e la lotta per il Partito oggi<\/strong><\/p>\n<p><strong><a href=\"https:\/\/piattaformacomunista.com\/STALIN_5_MARZO_2019.pdf\">Leggi il comunicato<\/a><\/strong><\/p>\n<p><strong>\u00a0<\/strong><\/p>\n<p><strong>Il \u201creddito di cittadinanza\u201d \u00e8 la redistribuzione <\/strong><\/p>\n<p><strong>della miseria!<\/strong><\/p>\n<p><strong><a href=\"https:\/\/piattaformacomunista.com\/reddito_cittadinanza_gen_19.pdf\">Leggi l\u2019articolo<\/a><\/strong><\/p>\n<p><strong>\u00a0<\/strong><\/p>\n<p><strong>\u201cQuota 100\u201d: una beffa dopo l\u2019altra<\/strong><\/p>\n<p><strong><a href=\"https:\/\/piattaformacomunista.com\/Quota_100_gen_19.pdf\">Leggi l\u2019articolo<\/a><\/strong><\/p>\n<p><strong><a href=\"https:\/\/piattaformacomunista.com\/volantino-quota-100.pdf\">Una breve guida alle \u201cnovit\u00e0\u201d di \u201cquota 100\u201d<\/a><\/strong><\/p>\n<p><strong>\u00a0<\/strong><\/p>\n<p><strong>Sulla manifestazione CGIL CISL UIL del 9 febbraio<\/strong><\/p>\n<p><strong><a href=\"https:\/\/piattaformacomunista.com\/MANIFESTAZIONE%209.2.19.pdf\">Leggi il comunicato<\/a><\/strong><\/p>\n<p><strong>\u00a0<\/strong><\/p>\n<p><strong>Il \u201cDecreto sicurezza\u201d va cancellato <\/strong><\/p>\n<p><strong>con l\u2019unit\u00e0 di azione del proletariato<\/strong><\/p>\n<p><strong><a href=\"https:\/\/piattaformacomunista.com\/decreto_sicurezza_gen_19.pdf\">Leggi l\u2019articolo<\/a>\u00a0\u00a0 <a href=\"https:\/\/piattaformacomunista.com\/solidarieta_sicobas_vittoria.pdf\">Solidariet\u00e0 con i compagni del Si Cobas e del CSA Vittoria<\/a> <a href=\"https:\/\/piattaformacomunista.com\/Chi_lotta_non_va_abbandonato.pdf\">Chi lotta non va abbandonato<\/a><\/strong><\/p>\n<p><strong>\u00a0<\/strong><\/p>\n<p><strong>Francia: sul movimento dei \u201cgilet gialli\u201d<\/strong><\/p>\n<p><strong><a href=\"https:\/\/piattaformacomunista.com\/GILET_GIALLI_LEZIONI_dic18.pdf\">Leggi le nostre considerazioni<\/a><\/strong><\/p>\n<p><strong><a href=\"https:\/\/piattaformacomunista.com\/pcof_12.12.18.pdf\">\u201dAnnunci molto lontani dalle nostre richieste\u201d &#8211; comunicato del PCOF<\/a><\/strong><\/p>\n<p><strong><a href=\"https:\/\/piattaformacomunista.com\/cipoml_francia_dic_18.pdf\">Dichiarazione della CIPOML<\/a><\/strong><\/p>\n<p><strong>\u00a0<\/strong><\/p>\n<p><strong>21 Gennaio: la lotta per il Partito ieri e oggi<\/strong><\/p>\n<p><strong><a href=\"https:\/\/piattaformacomunista.com\/21_Gennaio_19_pc.pdf\">Leggi la dichiarazione<\/a><\/strong><\/p>\n<p><strong>\u00a0<\/strong><\/p>\n<p><strong>Battere il governo reazionario Salvini-Di Maio <\/strong><\/p>\n<p><strong>sul terreno della lotta di classe<\/strong><\/p>\n<p><strong><a href=\"https:\/\/piattaformacomunista.com\/battere_governo_gen_19.pdf\">Leggi l\u2019articolo<\/a><\/strong><\/p>\n<p><strong>\u00a0<\/strong><\/p>\n<p><strong>La lotta contro il populismo in Europa<\/strong><\/p>\n<p><strong><a href=\"https:\/\/piattaformacomunista.com\/TP30_lotta_al_populismo.pdf\">Scarica e leggi il documento<\/a> <\/strong><\/p>\n<p><strong>\u00a0<\/strong><\/p>\n<p><strong>Cento e una volta viva la Rivoluzione Socialista d\u2019Ottobre!<\/strong><\/p>\n<p><strong><a href=\"https:\/\/piattaformacomunista.com\/101_rivoluzione_ottobre.pdf\">Leggi la dichiarazione<\/a><\/strong><\/p>\n<p><strong>\u00a0<\/strong><\/p>\n<p><strong>Per il centesimo anniversario della Rivoluzione tedesca<\/strong><\/p>\n<p><strong><a href=\"https:\/\/piattaformacomunista.com\/100_rivoluzione_tedesca.pdf\">Leggi l\u2019articolo<\/a> <\/strong><\/p>\n<p><strong>\u00a0<\/strong>[\/vc_column_text][\/vc_column][\/vc_row]<\/p>\n","protected":false},"excerpt":{"rendered":"<p>[vc_row][vc_column][vc_column_text] A 50 anni dalla strage di Piazza Fontana Corteo cittadino a Milano Massa: incontro-dibattito \u201cDai fatti della Bussola a [&hellip;]<\/p>\n","protected":false},"author":1,"featured_media":0,"parent":0,"menu_order":0,"comment_status":"closed","ping_status":"closed","template":"","meta":{"footnotes":""},"class_list":["post-7794","page","type-page","status-publish","hentry"],"_links":{"self":[{"href":"https:\/\/piattaformacomunista.com\/index.php\/wp-json\/wp\/v2\/pages\/7794","targetHints":{"allow":["GET"]}}],"collection":[{"href":"https:\/\/piattaformacomunista.com\/index.php\/wp-json\/wp\/v2\/pages"}],"about":[{"href":"https:\/\/piattaformacomunista.com\/index.php\/wp-json\/wp\/v2\/types\/page"}],"author":[{"embeddable":true,"href":"https:\/\/piattaformacomunista.com\/index.php\/wp-json\/wp\/v2\/users\/1"}],"replies":[{"embeddable":true,"href":"https:\/\/piattaformacomunista.com\/index.php\/wp-json\/wp\/v2\/comments?post=7794"}],"version-history":[{"count":2,"href":"https:\/\/piattaformacomunista.com\/index.php\/wp-json\/wp\/v2\/pages\/7794\/revisions"}],"predecessor-version":[{"id":7796,"href":"https:\/\/piattaformacomunista.com\/index.php\/wp-json\/wp\/v2\/pages\/7794\/revisions\/7796"}],"wp:attachment":[{"href":"https:\/\/piattaformacomunista.com\/index.php\/wp-json\/wp\/v2\/media?parent=7794"}],"curies":[{"name":"wp","href":"https:\/\/api.w.org\/{rel}","templated":true}]}}